{"id":28,"date":"2025-10-31T10:01:45","date_gmt":"2025-10-31T10:01:45","guid":{"rendered":"https:\/\/femmesalabarredeurope.eu\/?page_id=28"},"modified":"2026-04-13T19:58:31","modified_gmt":"2026-04-13T19:58:31","slug":"home","status":"publish","type":"page","link":"https:\/\/femmesalabarredeurope.eu\/","title":{"rendered":"home"},"content":{"rendered":"<!-- wp:themify-builder\/canvas \/-->","protected":false},"excerpt":{"rendered":"","protected":false},"author":1,"featured_media":367,"parent":0,"menu_order":0,"comment_status":"closed","ping_status":"closed","template":"","meta":{"footnotes":""},"class_list":["post-28","page","type-page","status-publish","has-post-thumbnail","hentry","has-post-title","has-post-date","has-post-category","has-post-tag","has-post-comment","has-post-author",""],"yoast_head":"<!-- This site is optimized with the Yoast SEO plugin v27.0 - https:\/\/yoast.com\/product\/yoast-seo-wordpress\/ -->\n<title>home - Femmes \u00e0 la barre d&#039;Europe<\/title>\n<meta name=\"robots\" content=\"index, follow, max-snippet:-1, max-image-preview:large, max-video-preview:-1\" \/>\n<link rel=\"canonical\" href=\"https:\/\/femmesalabarredeurope.eu\/\" \/>\n<meta property=\"og:locale\" content=\"en_US\" \/>\n<meta property=\"og:type\" content=\"article\" \/>\n<meta property=\"og:title\" content=\"home - Femmes \u00e0 la barre d&#039;Europe\" \/>\n<meta property=\"og:url\" content=\"https:\/\/femmesalabarredeurope.eu\/\" \/>\n<meta property=\"og:site_name\" content=\"Femmes \u00e0 la barre d&#039;Europe\" \/>\n<meta property=\"article:modified_time\" content=\"2026-04-13T19:58:31+00:00\" \/>\n<meta property=\"og:image\" content=\"http:\/\/femmesalabarredeurope.eu\/wp-content\/uploads\/2026\/02\/FABE-Logo-bluesquare.png\" \/>\n\t<meta property=\"og:image:width\" content=\"1750\" \/>\n\t<meta property=\"og:image:height\" content=\"833\" \/>\n\t<meta property=\"og:image:type\" content=\"image\/png\" \/>\n<meta name=\"twitter:card\" content=\"summary_large_image\" \/>\n<meta name=\"twitter:label1\" content=\"Est. reading time\" \/>\n\t<meta name=\"twitter:data1\" content=\"13 minutes\" \/>\n<script type=\"application\/ld+json\" class=\"yoast-schema-graph\">{\"@context\":\"https:\/\/schema.org\",\"@graph\":[{\"@type\":\"WebPage\",\"@id\":\"https:\/\/femmesalabarredeurope.eu\/\",\"url\":\"https:\/\/femmesalabarredeurope.eu\/\",\"name\":\"home - Femmes \u00e0 la barre d&#039;Europe\",\"isPartOf\":{\"@id\":\"https:\/\/femmesalabarredeurope.eu\/#website\"},\"primaryImageOfPage\":{\"@id\":\"https:\/\/femmesalabarredeurope.eu\/#primaryimage\"},\"image\":{\"@id\":\"https:\/\/femmesalabarredeurope.eu\/#primaryimage\"},\"thumbnailUrl\":\"https:\/\/femmesalabarredeurope.eu\/wp-content\/uploads\/2026\/02\/FABE-Logo-bluesquare.png\",\"datePublished\":\"2025-10-31T10:01:45+00:00\",\"dateModified\":\"2026-04-13T19:58:31+00:00\",\"breadcrumb\":{\"@id\":\"https:\/\/femmesalabarredeurope.eu\/#breadcrumb\"},\"inLanguage\":\"en-US\",\"potentialAction\":[{\"@type\":\"ReadAction\",\"target\":[\"https:\/\/femmesalabarredeurope.eu\/\"]}]},{\"@type\":\"ImageObject\",\"inLanguage\":\"en-US\",\"@id\":\"https:\/\/femmesalabarredeurope.eu\/#primaryimage\",\"url\":\"https:\/\/femmesalabarredeurope.eu\/wp-content\/uploads\/2026\/02\/FABE-Logo-bluesquare.png\",\"contentUrl\":\"https:\/\/femmesalabarredeurope.eu\/wp-content\/uploads\/2026\/02\/FABE-Logo-bluesquare.png\",\"width\":1750,\"height\":833},{\"@type\":\"BreadcrumbList\",\"@id\":\"https:\/\/femmesalabarredeurope.eu\/#breadcrumb\",\"itemListElement\":[{\"@type\":\"ListItem\",\"position\":1,\"name\":\"Home\",\"item\":\"https:\/\/femmesalabarredeurope.eu\/\"},{\"@type\":\"ListItem\",\"position\":2,\"name\":\"home\"}]},{\"@type\":\"WebSite\",\"@id\":\"https:\/\/femmesalabarredeurope.eu\/#website\",\"url\":\"https:\/\/femmesalabarredeurope.eu\/\",\"name\":\"Femmes \u00e0 la barre d&#039;Europe\",\"description\":\"\",\"potentialAction\":[{\"@type\":\"SearchAction\",\"target\":{\"@type\":\"EntryPoint\",\"urlTemplate\":\"https:\/\/femmesalabarredeurope.eu\/?s={search_term_string}\"},\"query-input\":{\"@type\":\"PropertyValueSpecification\",\"valueRequired\":true,\"valueName\":\"search_term_string\"}}],\"inLanguage\":\"en-US\"}]}<\/script>\n<!-- \/ Yoast SEO plugin. -->","yoast_head_json":{"title":"home - Femmes \u00e0 la barre d&#039;Europe","robots":{"index":"index","follow":"follow","max-snippet":"max-snippet:-1","max-image-preview":"max-image-preview:large","max-video-preview":"max-video-preview:-1"},"canonical":"https:\/\/femmesalabarredeurope.eu\/","og_locale":"en_US","og_type":"article","og_title":"home - Femmes \u00e0 la barre d&#039;Europe","og_url":"https:\/\/femmesalabarredeurope.eu\/","og_site_name":"Femmes \u00e0 la barre d&#039;Europe","article_modified_time":"2026-04-13T19:58:31+00:00","og_image":[{"width":1750,"height":833,"url":"http:\/\/femmesalabarredeurope.eu\/wp-content\/uploads\/2026\/02\/FABE-Logo-bluesquare.png","type":"image\/png"}],"twitter_card":"summary_large_image","twitter_misc":{"Est. reading time":"13 minutes"},"schema":{"@context":"https:\/\/schema.org","@graph":[{"@type":"WebPage","@id":"https:\/\/femmesalabarredeurope.eu\/","url":"https:\/\/femmesalabarredeurope.eu\/","name":"home - Femmes \u00e0 la barre d&#039;Europe","isPartOf":{"@id":"https:\/\/femmesalabarredeurope.eu\/#website"},"primaryImageOfPage":{"@id":"https:\/\/femmesalabarredeurope.eu\/#primaryimage"},"image":{"@id":"https:\/\/femmesalabarredeurope.eu\/#primaryimage"},"thumbnailUrl":"https:\/\/femmesalabarredeurope.eu\/wp-content\/uploads\/2026\/02\/FABE-Logo-bluesquare.png","datePublished":"2025-10-31T10:01:45+00:00","dateModified":"2026-04-13T19:58:31+00:00","breadcrumb":{"@id":"https:\/\/femmesalabarredeurope.eu\/#breadcrumb"},"inLanguage":"en-US","potentialAction":[{"@type":"ReadAction","target":["https:\/\/femmesalabarredeurope.eu\/"]}]},{"@type":"ImageObject","inLanguage":"en-US","@id":"https:\/\/femmesalabarredeurope.eu\/#primaryimage","url":"https:\/\/femmesalabarredeurope.eu\/wp-content\/uploads\/2026\/02\/FABE-Logo-bluesquare.png","contentUrl":"https:\/\/femmesalabarredeurope.eu\/wp-content\/uploads\/2026\/02\/FABE-Logo-bluesquare.png","width":1750,"height":833},{"@type":"BreadcrumbList","@id":"https:\/\/femmesalabarredeurope.eu\/#breadcrumb","itemListElement":[{"@type":"ListItem","position":1,"name":"Home","item":"https:\/\/femmesalabarredeurope.eu\/"},{"@type":"ListItem","position":2,"name":"home"}]},{"@type":"WebSite","@id":"https:\/\/femmesalabarredeurope.eu\/#website","url":"https:\/\/femmesalabarredeurope.eu\/","name":"Femmes \u00e0 la barre d&#039;Europe","description":"","potentialAction":[{"@type":"SearchAction","target":{"@type":"EntryPoint","urlTemplate":"https:\/\/femmesalabarredeurope.eu\/?s={search_term_string}"},"query-input":{"@type":"PropertyValueSpecification","valueRequired":true,"valueName":"search_term_string"}}],"inLanguage":"en-US"}]}},"builder_content":"<h3>Projet soutenu par Erasmus+ : <br>A travers le sport et l'art, renforcer la confiance et favoriser l'autonomie des femmes en situation de pr\u00e9carit\u00e9 ou ayant subies des discriminations et\/ou des violences.<br>France \u2013 Belgique, 2024\u20132026.\u00a0<\/h3>\n<img src=\"http:\/\/femmesalabarredeurope.eu\/wp-content\/uploads\/2025\/10\/finance-UE.png\" width=\"150\" height=\"150\" title=\"home\" alt=\"home\">\n<img src=\"http:\/\/femmesalabarredeurope.eu\/wp-content\/uploads\/2025\/10\/Sans-titre-1.png\" width=\"150\" height=\"150\" title=\"home\" alt=\"home\">\n<img src=\"http:\/\/femmesalabarredeurope.eu\/wp-content\/uploads\/2025\/10\/VS_Graphic_FEMMES-A-LA-BARRE_FIFRELIN-CMYK.jpg\" width=\"150\" height=\"150\" title=\"home\" alt=\"home\">\n<img src=\"http:\/\/femmesalabarredeurope.eu\/wp-content\/uploads\/2025\/10\/cloud9-logo.png\" width=\"150\" height=\"150\" title=\"home\" alt=\"home\">\n<h3 style=\"text-align: left;\">Ce site rassemble nos deux ressources principales issues de cette exp\u00e9rience, pour que d\u2019autres structures puissent s\u2019en inspirer.<\/h3>\n<a href=\"http:\/\/femmesalabarredeurope.eu\/wp-content\/uploads\/2026\/02\/FABE_Guide-De-Bonnes-Pratiques.pdf\" rel=\"noopener\" target=\"_blank\"> <img src=\"http:\/\/femmesalabarredeurope.eu\/wp-content\/uploads\/2026\/02\/FABE_Guide-De-Bonnes-Pratiques-front.png\" width=\"150\" height=\"300\" title=\"T\u00e9l\u00e9charger le guide de bonnes pratiques\" alt=\"Un document PDF construit \u00e0 partir de nos ateliers, rencontres et \u00e9changes. Il contient des pistes concr\u00e8tes pour accompagner les femmes par le sport, l\u2019art et le collectif.\"> <\/a> <h3> <a href=\"http:\/\/femmesalabarredeurope.eu\/wp-content\/uploads\/2026\/02\/FABE_Guide-De-Bonnes-Pratiques.pdf\" rel=\"noopener\" target=\"_blank\"> T\u00e9l\u00e9charger le guide de bonnes pratiques <\/a> <\/h3> Un document PDF construit \u00e0 partir de nos ateliers, rencontres et \u00e9changes. Il contient des pistes concr\u00e8tes pour accompagner les femmes par le sport, l\u2019art et le collectif.\n<a href=\"http:\/\/femmesalabarredeurope.eu\/wp-content\/uploads\/2026\/02\/FABE_Bilan-Forum.pdf\" rel=\"noopener\" target=\"_blank\"> <img src=\"http:\/\/femmesalabarredeurope.eu\/wp-content\/uploads\/2026\/02\/FABE_Bilan-Forum-front.png\" width=\"150\" height=\"300\" title=\"T\u00e9l\u00e9charger le bilan du Forum\" alt=\"Des r\u00e9cits, des images, des sons. Ce n\u2019est pas un compte rendu, mais une m\u00e9moire vivante de ce que nous avons travers\u00e9.\"> <\/a> <h3> <a href=\"http:\/\/femmesalabarredeurope.eu\/wp-content\/uploads\/2026\/02\/FABE_Bilan-Forum.pdf\" rel=\"noopener\" target=\"_blank\"> T\u00e9l\u00e9charger le bilan du Forum <\/a> <\/h3> Des r\u00e9cits, des images, des sons. Ce n\u2019est pas un compte rendu, mais une m\u00e9moire vivante de ce que nous avons travers\u00e9.\n<h3><em data-start=\"788\" data-end=\"816\">Femmes \u00e0 la Barre d\u2019Europe<\/em> est un projet men\u00e9 entre la France et la Belgique, port\u00e9 par les associations Fifrelin (La Ciotat) et cloud 9 (Saint-Josse, Bruxelles).<\/h3>\n<img src=\"http:\/\/femmesalabarredeurope.eu\/wp-content\/uploads\/2026\/02\/PHOTO-2026-02-19-16-16-39.jpg\" width=\"1280\" height=\"876\" title=\"home\" alt=\"home\">\n<h3 style=\"text-align: left;\">Le projet a pour but de favoriser l\u2019inclusion, l\u2019estime de soi et l\u2019autonomie des femmes pr\u00e9caris\u00e9es et victimes de discriminations ou de violences dans les quartiers populaires de France et de Belgique.<\/h3>\n<img src=\"http:\/\/femmesalabarredeurope.eu\/wp-content\/uploads\/2025\/10\/IMG_3062-scaled.jpg\" width=\"1920\" height=\"2560\" title=\"home\" alt=\"home\">\n<img src=\"http:\/\/femmesalabarredeurope.eu\/wp-content\/uploads\/2025\/10\/DSC_7991.jpg\" title=\"home\" alt=\"home\">\n<img src=\"http:\/\/femmesalabarredeurope.eu\/wp-content\/uploads\/2025\/10\/DSC_8027.jpg\" title=\"home\" alt=\"home\">\n<img src=\"http:\/\/femmesalabarredeurope.eu\/wp-content\/uploads\/2025\/10\/DSC_8014.jpg\" title=\"home\" alt=\"home\">\n<img src=\"http:\/\/femmesalabarredeurope.eu\/wp-content\/uploads\/2025\/10\/DSC_7881.jpg\" title=\"home\" alt=\"home\">\n<img src=\"http:\/\/femmesalabarredeurope.eu\/wp-content\/uploads\/2025\/10\/DSC_8067.jpg\" title=\"home\" alt=\"home\">\n<img src=\"http:\/\/femmesalabarredeurope.eu\/wp-content\/uploads\/2025\/10\/IMG_3146-scaled.jpg\" title=\"home\" alt=\"home\">\n<h3>Qui sommes-nous<\/h3> <h5 data-start=\"2709\" data-end=\"2744\">Le projet r\u00e9unit une \u00e9quipe franco-belge compos\u00e9e de professionnelles de l\u2019accompagnement social, artistique et culturel.<\/h5>\n<h3>C\u00e9cile Poujol<\/h3> <a href=\"https:\/\/www.femmesalabarre.fr\/Contactez-nous\" rel=\"noopener\" target=\"_blank\"> <img src=\"http:\/\/femmesalabarredeurope.eu\/wp-content\/uploads\/2025\/11\/PHOTO-2025-11-12-14-52-22.jpg\" width=\"150\" height=\"150\" title=\"Association Fifrelin\" alt=\"Direction du projet\"> <\/a> <h3> <a href=\"https:\/\/www.femmesalabarre.fr\/Contactez-nous\" rel=\"noopener\" target=\"_blank\"> Association Fifrelin <\/a> <\/h3> Direction du projet\n<h3>Sarah Fabre<\/h3> <a href=\"https:\/\/www.femmesalabarre.fr\/Contactez-nous\" rel=\"noopener\" target=\"_blank\"> <img src=\"http:\/\/femmesalabarredeurope.eu\/wp-content\/uploads\/2025\/11\/PHOTO-2025-11-12-16-31-36.jpg\" width=\"150\" height=\"150\" title=\"Association Fifrelin\" alt=\"Pr\u00e9sidente de l&#039;association\"> <\/a> <h3> <a href=\"https:\/\/www.femmesalabarre.fr\/Contactez-nous\" rel=\"noopener\" target=\"_blank\"> Association Fifrelin <\/a> <\/h3> Pr\u00e9sidente de l'association\n<h3>Florence de Kerviler<\/h3> <a href=\"https:\/\/www.linkedin.com\/in\/fdekerviler\/\" rel=\"noopener\" target=\"_blank\"> <img src=\"http:\/\/femmesalabarredeurope.eu\/wp-content\/uploads\/2025\/11\/1542047989074.jpeg\" width=\"150\" height=\"150\" title=\"Femmes \u00e0 la barre d&#039;Europe\" alt=\"Coordination et suivi\"> <\/a> <h3> <a href=\"https:\/\/www.linkedin.com\/in\/fdekerviler\/\" rel=\"noopener\" target=\"_blank\"> Femmes \u00e0 la barre d'Europe <\/a> <\/h3> Coordination et suivi\n<h3>Alexia Depicker<\/h3> <a href=\"https:\/\/www.instagram.com\/cloud9.asbl\/\" rel=\"noopener\" target=\"_blank\"> <img src=\"http:\/\/femmesalabarredeurope.eu\/wp-content\/uploads\/2025\/11\/PHOTO-2025-11-12-16-35-11-1.jpg\" width=\"150\" height=\"150\" title=\"cloud 9\" alt=\"Direction artistique\"> <\/a> <h3> <a href=\"https:\/\/www.instagram.com\/cloud9.asbl\/\" rel=\"noopener\" target=\"_blank\"> cloud 9 <\/a> <\/h3> Direction artistique\n<h3>\u00c9milie Maquest<\/h3> <a href=\"https:\/\/www.instagram.com\/lacurieuse.be\/\" rel=\"noopener\" target=\"_blank\"> <img src=\"http:\/\/femmesalabarredeurope.eu\/wp-content\/uploads\/2026\/04\/Image.png\" width=\"150\" height=\"150\" title=\"cloud 9 | La Curieuse\" alt=\"\u00c9criture, dramaturgie, transmission\"> <\/a> <h3> <a href=\"https:\/\/www.instagram.com\/lacurieuse.be\/\" rel=\"noopener\" target=\"_blank\"> cloud 9 | La Curieuse <\/a> <\/h3> \u00c9criture, dramaturgie, transmission\n<h3>Laure Voglaire<\/h3> <a href=\"https:\/\/infinitheatre.be\/comedienne\/laure-voglaire\/\" rel=\"noopener\" target=\"_blank\"> <img src=\"http:\/\/femmesalabarredeurope.eu\/wp-content\/uploads\/2025\/11\/IMG_0688_web.jpg\" width=\"150\" height=\"150\" title=\"cloud 9 | \u00a0L&#039;infini Th\u00e9\u00e2tre\u00a0\" alt=\"Th\u00e9\u00e2tre et cr\u00e9ation collective\"> <\/a> <h3> <a href=\"https:\/\/infinitheatre.be\/comedienne\/laure-voglaire\/\" rel=\"noopener\" target=\"_blank\"> cloud 9 | \u00a0L'infini Th\u00e9\u00e2tre\u00a0 <\/a> <\/h3> Th\u00e9\u00e2tre et cr\u00e9ation collective\n<h3>Meriem Steiner<\/h3> <a href=\"https:\/\/www.instagram.com\/frausteinerstudio\/\" rel=\"noopener\" target=\"_blank\"> <img src=\"http:\/\/femmesalabarredeurope.eu\/wp-content\/uploads\/2025\/11\/IMG_6379_web.jpg\" width=\"150\" height=\"150\" title=\"cloud 9 | Frau Steiner studio\" alt=\"Arts visuels et capitalisation\"> <\/a> <h3> <a href=\"https:\/\/www.instagram.com\/frausteinerstudio\/\" rel=\"noopener\" target=\"_blank\"> cloud 9 | Frau Steiner studio <\/a> <\/h3> Arts visuels et capitalisation\n<h3>Ressources<\/h3> <h5>S\u00e9lection de lectures, \u00e9tudes et outils inspirants autour de l\u2019\u00e9mancipation, de la r\u00e9silience et de l\u2019\u00e9ducation populaire.<\/h5>\n<h4>Th\u00e8me<\/h4> <p>Lorem ipsum dolor sit amet, consectetur adipiscing elit, sed do eiusmod tempor incididunt ut labore et dolore magna aliqua. Quis ipsum suspendisse ultrices gravida.<\/p> <ul> <li>Lorem ipsum dolor sit amet<\/li> <li>Lorem ipsum dolor sit amet<\/li> <li>Lorem ipsum dolor sit amet<\/li> <\/ul>\n<h4>Th\u00e8me<\/h4> <p>Lorem ipsum dolor sit amet, consectetur adipiscing elit, sed do eiusmod tempor incididunt ut labore et dolore magna aliqua. Quis ipsum suspendisse ultrices gravida.<\/p> <ul> <li>Lorem ipsum dolor sit amet<\/li> <li>Lorem ipsum dolor sit amet<\/li> <li>Lorem ipsum dolor sit amet<\/li> <\/ul>\n<h4>Th\u00e8me<\/h4> <p>Lorem ipsum dolor sit amet, consectetur adipiscing elit, sed do eiusmod tempor incididunt ut labore et dolore magna aliqua. Quis ipsum suspendisse ultrices gravida.<\/p> <ul> <li>Lorem ipsum dolor sit amet<\/li> <li>Lorem ipsum dolor sit amet<\/li> <li>Lorem ipsum dolor sit amet<\/li> <\/ul>\n<h4>Th\u00e8me<\/h4> <p>Lorem ipsum dolor sit amet, consectetur adipiscing elit, sed do eiusmod tempor incididunt ut labore et dolore magna aliqua. Quis ipsum suspendisse ultrices gravida.<\/p> <ul> <li>Lorem ipsum dolor sit amet<\/li> <li>Lorem ipsum dolor sit amet<\/li> <li>Lorem ipsum dolor sit amet<\/li> <\/ul>","_links":{"self":[{"href":"https:\/\/femmesalabarredeurope.eu\/index.php?rest_route=\/wp\/v2\/pages\/28","targetHints":{"allow":["GET"]}}],"collection":[{"href":"https:\/\/femmesalabarredeurope.eu\/index.php?rest_route=\/wp\/v2\/pages"}],"about":[{"href":"https:\/\/femmesalabarredeurope.eu\/index.php?rest_route=\/wp\/v2\/types\/page"}],"author":[{"embeddable":true,"href":"https:\/\/femmesalabarredeurope.eu\/index.php?rest_route=\/wp\/v2\/users\/1"}],"replies":[{"embeddable":true,"href":"https:\/\/femmesalabarredeurope.eu\/index.php?rest_route=%2Fwp%2Fv2%2Fcomments&post=28"}],"version-history":[{"count":286,"href":"https:\/\/femmesalabarredeurope.eu\/index.php?rest_route=\/wp\/v2\/pages\/28\/revisions"}],"predecessor-version":[{"id":401,"href":"https:\/\/femmesalabarredeurope.eu\/index.php?rest_route=\/wp\/v2\/pages\/28\/revisions\/401"}],"wp:featuredmedia":[{"embeddable":true,"href":"https:\/\/femmesalabarredeurope.eu\/index.php?rest_route=\/wp\/v2\/media\/367"}],"wp:attachment":[{"href":"https:\/\/femmesalabarredeurope.eu\/index.php?rest_route=%2Fwp%2Fv2%2Fmedia&parent=28"}],"curies":[{"name":"wp","href":"https:\/\/api.w.org\/{rel}","templated":true}]}}